{"id":5431,"date":"2026-04-09T11:51:06","date_gmt":"2026-04-09T11:51:06","guid":{"rendered":"https:\/\/tradesolutions.pt\/?page_id=5431"},"modified":"2026-04-09T14:09:58","modified_gmt":"2026-04-09T14:09:58","slug":"blog","status":"publish","type":"page","link":"https:\/\/tradesolutions.pt\/en\/blog\/","title":{"rendered":"Blog"},"content":{"rendered":"\t\t<div data-elementor-type=\"wp-page\" data-elementor-id=\"5431\" class=\"elementor elementor-5431\">\n\t\t\t\t<div class=\" elementor-element elementor-element-28a1ff91 e-con-full e-flex section-light e-con e-parent\" data-id=\"28a1ff91\" data-element_type=\"container\" data-e-type=\"container\" data-settings=\"{&quot;background_background&quot;:&quot;classic&quot;}\">\n\t\t<div class=\" elementor-element elementor-element-478de150 e-con-full e-flex section-light e-con e-child\" data-id=\"478de150\" data-element_type=\"container\" data-e-type=\"container\">\n\t\t\t\t<div class=\"entrance-animation elementor-element elementor-element-4f666415 elementor-widget elementor-widget-crafto-blog-list\" data-anime=\"{&quot;duration&quot;:300,&quot;delay&quot;:200,&quot;staggervalue&quot;:300,&quot;easing&quot;:&quot;easeOutQuad&quot;,&quot;targets&quot;:&quot;.elementor-element-4f666415.entrance-animation &gt; .elementor-widget-container &gt; ul &gt; .grid-item &gt; .blog-post&quot;,&quot;opacity&quot;:[0,1],&quot;translateX&quot;:[15,0]}\" data-id=\"4f666415\" data-element_type=\"widget\" data-e-type=\"widget\" data-settings=\"{&quot;crafto_post_type_source&quot;:&quot;post&quot;}\" data-widget_type=\"crafto-blog-list.default\">\n\t\t\t\t<div class=\"elementor-widget-container\">\n\t\t\t\t\t\t\t\t\t<ul class=\"grid crafto-blog-list grid-loading blog-grid grid-3col md-grid-2col xs-grid-1col grid-masonry\" data-blog-settings=\"{&quot;pagination_type&quot;:&quot;&quot;}\">\n\t\t\t\t\t\t\t\t\t\t\t<li class=\"grid-sizer d-none p-0 m-0\"><\/li>\n\t\t\t\t\t\t\t\t\t\t\t\t\t\t\t<li class=\"grid-item grid-gutter blog-filter-1 post-5427 post type-post status-publish format-standard has-post-thumbnail hentry category-uncategorized\">\n\t\t\t\t\t\t\t\t\t\t<div class=\"blog-post\">\n\t\t\t\t\t\t\t\t\t\t\t\t\t\t\t\t\t\t\t\t\t\t\t<div class=\"blog-post-images\">\n\t\t\t\t\t\t\t\t\t\t\t\t\t\t\t\t\t\t\t\t\t\t\t\t\t\t\t<a href=\"https:\/\/tradesolutions.pt\/en\/quando-deve-contratar-consultoria-hoteleira\/\" target=\"_self\" class=\"image-link\" aria-label=\"blog_tradesolutions3\">\n\t\t\t\t\t\t\t\t\t\t\t\t\t\t\t<img fetchpriority=\"high\" decoding=\"async\" width=\"600\" height=\"430\" src=\"https:\/\/tradesolutions.pt\/wp-content\/uploads\/2026\/04\/blog_tradesolutions3-600x430.jpg\" class=\"attachment-crafto-blog-grid-thumb size-crafto-blog-grid-thumb wp-post-image\" alt=\"blog_tradesolutions3\" srcset=\"https:\/\/tradesolutions.pt\/wp-content\/uploads\/2026\/04\/blog_tradesolutions3-600x430.jpg 600w, https:\/\/tradesolutions.pt\/wp-content\/uploads\/2026\/04\/blog_tradesolutions3-18x12.jpg 18w\" sizes=\"(max-width: 600px) 100vw, 600px\" \/>\t\t\t\t\t\t\t\t\t\t\t\t\t\t\t<span class=\"screen-reader-text\">Post Thumbnail<\/span>\n\t\t\t\t\t\t\t\t\t\t\t\t\t\t<\/a>\n\t\t\t\t\t\t\t\t\t\t\t\t\t\t\t\t\t\t\t\t\t\t\t\t\t\t<\/div>\n\t\t\t\t\t\t\t\t\t\t\t\t\t\t\t\t\t\t\t\t\t\t\t\t<div class=\"post-details\">\n\t\t\t\t\t\t\t\t\t\t\t\t\t\t\t\t\t\t\t\t\t\t\t\t\t\t\t<a href=\"https:\/\/tradesolutions.pt\/en\/quando-deve-contratar-consultoria-hoteleira\/\" target=\"_self\" class=\"entry-title\">Quando Deve Contratar Consultoria Hoteleira<\/a>\n\t\t\t\t\t\t\t\t\t\t\t\t\t\t\t\t\t\t\t\t\t\t\t\t\t\t<\/div>\n\t\t\t\t\t\t\t\t\t\t\t\t\t\t\t\t\t\t\t\t\t\t<\/div>\n\t\t\t\t\t\t\t\t\t<\/li>\n\t\t\t\t\t\t\t\t\t\t\t\t\t\t\t\t\t\t<li class=\"grid-item grid-gutter blog-filter-1 post-5424 post type-post status-publish format-standard has-post-thumbnail hentry category-uncategorized\">\n\t\t\t\t\t\t\t\t\t\t<div class=\"blog-post\">\n\t\t\t\t\t\t\t\t\t\t\t\t\t\t\t\t\t\t\t\t\t\t\t<div class=\"blog-post-images\">\n\t\t\t\t\t\t\t\t\t\t\t\t\t\t\t\t\t\t\t\t\t\t\t\t\t\t\t<a href=\"https:\/\/tradesolutions.pt\/en\/erros-de-comunicacao-que-afastam-clientes\/\" target=\"_self\" class=\"image-link\" aria-label=\"blog2\">\n\t\t\t\t\t\t\t\t\t\t\t\t\t\t\t<img decoding=\"async\" width=\"600\" height=\"430\" src=\"https:\/\/tradesolutions.pt\/wp-content\/uploads\/2026\/04\/blog2-600x430.jpg\" class=\"attachment-crafto-blog-grid-thumb size-crafto-blog-grid-thumb wp-post-image\" alt=\"blog2\" srcset=\"https:\/\/tradesolutions.pt\/wp-content\/uploads\/2026\/04\/blog2-600x430.jpg 600w, https:\/\/tradesolutions.pt\/wp-content\/uploads\/2026\/04\/blog2-18x12.jpg 18w\" sizes=\"(max-width: 600px) 100vw, 600px\" \/>\t\t\t\t\t\t\t\t\t\t\t\t\t\t\t<span class=\"screen-reader-text\">Post Thumbnail<\/span>\n\t\t\t\t\t\t\t\t\t\t\t\t\t\t<\/a>\n\t\t\t\t\t\t\t\t\t\t\t\t\t\t\t\t\t\t\t\t\t\t\t\t\t\t<\/div>\n\t\t\t\t\t\t\t\t\t\t\t\t\t\t\t\t\t\t\t\t\t\t\t\t<div class=\"post-details\">\n\t\t\t\t\t\t\t\t\t\t\t\t\t\t\t\t\t\t\t\t\t\t\t\t\t\t\t<a href=\"https:\/\/tradesolutions.pt\/en\/erros-de-comunicacao-que-afastam-clientes\/\" target=\"_self\" class=\"entry-title\">Erros de comunica\u00e7\u00e3o que afastam clientes<\/a>\n\t\t\t\t\t\t\t\t\t\t\t\t\t\t\t\t\t\t\t\t\t\t\t\t\t\t<\/div>\n\t\t\t\t\t\t\t\t\t\t\t\t\t\t\t\t\t\t\t\t\t\t<\/div>\n\t\t\t\t\t\t\t\t\t<\/li>\n\t\t\t\t\t\t\t\t\t\t\t\t\t\t\t\t\t\t<li class=\"grid-item grid-gutter blog-filter-1 post-5399 post type-post status-publish format-standard has-post-thumbnail hentry category-uncategorized\">\n\t\t\t\t\t\t\t\t\t\t<div class=\"blog-post\">\n\t\t\t\t\t\t\t\t\t\t\t\t\t\t\t\t\t\t\t\t\t\t\t<div class=\"blog-post-images\">\n\t\t\t\t\t\t\t\t\t\t\t\t\t\t\t\t\t\t\t\t\t\t\t\t\t\t\t<a href=\"https:\/\/tradesolutions.pt\/en\/estrategias-de-marketing-para-hoteis-em-2026\/\" target=\"_self\" class=\"image-link\" aria-label=\"medium-shot-man-living-as-digital-nomad (1)\">\n\t\t\t\t\t\t\t\t\t\t\t\t\t\t\t<img decoding=\"async\" width=\"600\" height=\"430\" src=\"https:\/\/tradesolutions.pt\/wp-content\/uploads\/2026\/04\/medium-shot-man-living-as-digital-nomad-1-600x430.jpg\" class=\"attachment-crafto-blog-grid-thumb size-crafto-blog-grid-thumb wp-post-image\" alt=\"medium-shot-man-living-as-digital-nomad (1)\" srcset=\"https:\/\/tradesolutions.pt\/wp-content\/uploads\/2026\/04\/medium-shot-man-living-as-digital-nomad-1-600x430.jpg 600w, https:\/\/tradesolutions.pt\/wp-content\/uploads\/2026\/04\/medium-shot-man-living-as-digital-nomad-1-18x12.jpg 18w\" sizes=\"(max-width: 600px) 100vw, 600px\" \/>\t\t\t\t\t\t\t\t\t\t\t\t\t\t\t<span class=\"screen-reader-text\">Post Thumbnail<\/span>\n\t\t\t\t\t\t\t\t\t\t\t\t\t\t<\/a>\n\t\t\t\t\t\t\t\t\t\t\t\t\t\t\t\t\t\t\t\t\t\t\t\t\t\t<\/div>\n\t\t\t\t\t\t\t\t\t\t\t\t\t\t\t\t\t\t\t\t\t\t\t\t<div class=\"post-details\">\n\t\t\t\t\t\t\t\t\t\t\t\t\t\t\t\t\t\t\t\t\t\t\t\t\t\t\t<a href=\"https:\/\/tradesolutions.pt\/en\/estrategias-de-marketing-para-hoteis-em-2026\/\" target=\"_self\" class=\"entry-title\">Estrat\u00e9gias de marketing para hot\u00e9is em 2026<\/a>\n\t\t\t\t\t\t\t\t\t\t\t\t\t\t\t\t\t\t\t\t\t\t\t\t\t\t<\/div>\n\t\t\t\t\t\t\t\t\t\t\t\t\t\t\t\t\t\t\t\t\t\t<\/div>\n\t\t\t\t\t\t\t\t\t<\/li>\n\t\t\t\t\t\t\t\t\t\t\t\t\t<\/ul>\n\t\t\t\t\t\t\t\t<\/div>\n\t\t\t\t<\/div>\n\t\t\t\t<\/div>\n\t\t\t\t<\/div>\n\t\t<div class=\" elementor-element elementor-element-282f780 e-flex e-con-boxed section-light e-con e-parent\" data-id=\"282f780\" data-element_type=\"container\" data-e-type=\"container\" data-settings=\"{&quot;background_background&quot;:&quot;classic&quot;}\">\n\t\t\t\t\t<div class=\"e-con-inner\">\n\t\t<div class=\"entrance-animation  elementor-element elementor-element-5998ef39 e-con-full e-flex section-light e-con e-child\" data-anime=\"{&quot;duration&quot;:600,&quot;staggervalue&quot;:300,&quot;easing&quot;:&quot;easeOutQuad&quot;,&quot;targets&quot;:&quot;.elementor-element-5998ef39.entrance-animation&gt; .e-child,.elementor-element-5998ef39.entrance-animation&gt; .e-con-inner &gt; .e-con-full.e-child,.elementor-element-5998ef39.entrance-animation&gt; .elementor-widget,.elementor-element-5998ef39.entrance-animation&gt; .e-con-inner &gt; .elementor-widget&quot;,&quot;opacity&quot;:[0,1],&quot;translateY&quot;:[50,0]}\" data-id=\"5998ef39\" data-element_type=\"container\" data-e-type=\"container\">\n\t\t<div class=\" elementor-element elementor-element-3d4ef0d0 e-con-full e-flex section-light e-con e-child\" data-id=\"3d4ef0d0\" data-element_type=\"container\" data-e-type=\"container\" data-settings=\"{&quot;background_background&quot;:&quot;gradient&quot;}\">\n\t\t\t\t<div class=\"elementor-element elementor-element-f2f71be elementor-view-default elementor-widget elementor-widget-icon\" data-id=\"f2f71be\" data-element_type=\"widget\" data-e-type=\"widget\" data-widget_type=\"icon.default\">\n\t\t\t\t<div class=\"elementor-widget-container\">\n\t\t\t\t\t\t\t<div class=\"elementor-icon-wrapper\">\n\t\t\t<div class=\"elementor-icon\">\n\t\t\t<i aria-hidden=\"true\" class=\"bi bi-megaphone\"><\/i>\t\t\t<\/div>\n\t\t<\/div>\n\t\t\t\t\t\t<\/div>\n\t\t\t\t<\/div>\n\t\t\t\t<div class=\"elementor-element elementor-element-5d981884 elementor-widget elementor-widget-crafto-heading\" data-id=\"5d981884\" data-element_type=\"widget\" data-e-type=\"widget\" data-widget_type=\"crafto-heading.default\">\n\t\t\t\t<div class=\"elementor-widget-container\">\n\t\t\t\t\t<span class=\"crafto-heading\"><span class=\"crafto-primary-title\">A nossa equipa est\u00e1 pronta para apoiar o seu projeto<\/span><\/span>\t\t\t\t<\/div>\n\t\t\t\t<\/div>\n\t\t\t\t<\/div>\n\t\t\t\t<div class=\"elementor-element elementor-element-465c04a5 elementor-widget elementor-widget-crafto-heading\" data-id=\"465c04a5\" data-element_type=\"widget\" data-e-type=\"widget\" data-widget_type=\"crafto-heading.default\">\n\t\t\t\t<div class=\"elementor-widget-container\">\n\t\t\t\t\t<h2 class=\"crafto-heading\"><span class=\"crafto-primary-title\">Descubra solu\u00e7\u00f5es pensadas para maximizar os seus resultados!<\/span><\/h2>\t\t\t\t<\/div>\n\t\t\t\t<\/div>\n\t\t\t\t<div class=\"elementor-element elementor-element-5c8016e2 elementor-widget elementor-widget-crafto-button\" data-id=\"5c8016e2\" data-element_type=\"widget\" data-e-type=\"widget\" data-widget_type=\"crafto-button.default\">\n\t\t\t\t<div class=\"elementor-widget-container\">\n\t\t\t\t\t\t\t\t<div class=\"elementor-button-wrapper crafto-button-wrapper\">\n\t\t\t\t<a class=\"elementor-button btn-icon-right elementor-button-link default elementor-size-xl elementor-animation-btn-switch-text btn-custom-effect\" role=\"button\" href=\"\/contactos\">\n\t\t\t\t\t\t\t\t<div class=\"elementor-button-content-wrapper\">\n\t\t\t\t\t\t\t\t\t<span class=\"elementor-button-text\" data-btn-text=\"Fale Connosco!\">Fale Connosco!<\/span>\n\t\t\t\t\t\t\t\t\t\t<span class=\"elementor-button-icon elementor-align-icon-right\">\n\t\t\t\t\t\t<i aria-hidden=\"true\" class=\"fa-solid fa-arrow-right\"><\/i>\t\t\t\t\t<\/span>\n\t\t\t\t\t\t\t\t<\/div>\n\t\t\t\t\t\t\t<\/a>\n\t\t\t<\/div>\n\t\t\t\t\t\t\t<\/div>\n\t\t\t\t<\/div>\n\t\t\t\t<\/div>\n\t\t\t\t\t<\/div>\n\t\t\t\t<\/div>\n\t\t\t\t<\/div>\n\t\t","protected":false},"excerpt":{"rendered":"<p>Post Thumbnail Quando Deve Contratar Consultoria Hoteleira Post Thumbnail Erros de comunica\u00e7\u00e3o que afastam clientes Post Thumbnail Estrat\u00e9gias de marketing para hot\u00e9is em 2026 A nossa equipa est\u00e1 pronta para apoiar o seu projeto Descubra solu\u00e7\u00f5es pensadas para maximizar os seus resultados! Fale Connosco!<\/p>","protected":false},"author":1,"featured_media":0,"parent":0,"menu_order":0,"comment_status":"closed","ping_status":"closed","template":"","meta":{"footnotes":""},"class_list":["post-5431","page","type-page","status-publish","hentry"],"yoast_head":"<!-- This site is optimized with the Yoast SEO plugin v27.4 - https:\/\/yoast.com\/product\/yoast-seo-wordpress\/ -->\n<title>Blog - Trade Solutions<\/title>\n<meta name=\"description\" content=\"A Trade Solutions \u00e9 uma empresa de outsourcing que tem como principal objetivo, a presta\u00e7\u00e3o de servi\u00e7os hoteleiros e similares de hotelaria e de consultoria nas \u00e1reas tur\u00edsticas, hoteleiras e de lazer. Promete ser o seu parceiro estrat\u00e9gico para um desenvolvimento sustentado.\" \/>\n<meta name=\"robots\" content=\"index, follow, max-snippet:-1, max-image-preview:large, max-video-preview:-1\" \/>\n<link rel=\"canonical\" href=\"https:\/\/tradesolutions.pt\/en\/blog\/\" \/>\n<meta property=\"og:locale\" content=\"en_GB\" \/>\n<meta property=\"og:type\" content=\"article\" \/>\n<meta property=\"og:title\" content=\"Blog - Trade Solutions\" \/>\n<meta property=\"og:description\" content=\"A Trade Solutions \u00e9 uma empresa de outsourcing que tem como principal objetivo, a presta\u00e7\u00e3o de servi\u00e7os hoteleiros e similares de hotelaria e de consultoria nas \u00e1reas tur\u00edsticas, hoteleiras e de lazer. Promete ser o seu parceiro estrat\u00e9gico para um desenvolvimento sustentado.\" \/>\n<meta property=\"og:url\" content=\"https:\/\/tradesolutions.pt\/en\/blog\/\" \/>\n<meta property=\"og:site_name\" content=\"Trade Solutions\" \/>\n<meta property=\"article:modified_time\" content=\"2026-04-09T14:09:58+00:00\" \/>\n<meta property=\"og:image\" content=\"https:\/\/tradesolutions.pt\/wp-content\/uploads\/2026\/04\/blog_tradesolutions3-600x430.jpg\" \/>\n<meta name=\"twitter:card\" content=\"summary_large_image\" \/>\n<meta name=\"twitter:label1\" content=\"Estimated reading time\" \/>\n\t<meta name=\"twitter:data1\" content=\"1 minute\" \/>\n<script type=\"application\/ld+json\" class=\"yoast-schema-graph\">{\"@context\":\"https:\\\/\\\/schema.org\",\"@graph\":[{\"@type\":\"WebPage\",\"@id\":\"https:\\\/\\\/tradesolutions.pt\\\/blog\\\/\",\"url\":\"https:\\\/\\\/tradesolutions.pt\\\/blog\\\/\",\"name\":\"Blog - Trade Solutions\",\"isPartOf\":{\"@id\":\"https:\\\/\\\/tradesolutions.pt\\\/#website\"},\"primaryImageOfPage\":{\"@id\":\"https:\\\/\\\/tradesolutions.pt\\\/blog\\\/#primaryimage\"},\"image\":{\"@id\":\"https:\\\/\\\/tradesolutions.pt\\\/blog\\\/#primaryimage\"},\"thumbnailUrl\":\"https:\\\/\\\/tradesolutions.pt\\\/wp-content\\\/uploads\\\/2026\\\/04\\\/blog_tradesolutions3-600x430.jpg\",\"datePublished\":\"2026-04-09T11:51:06+00:00\",\"dateModified\":\"2026-04-09T14:09:58+00:00\",\"description\":\"A Trade Solutions \u00e9 uma empresa de outsourcing que tem como principal objetivo, a presta\u00e7\u00e3o de servi\u00e7os hoteleiros e similares de hotelaria e de consultoria nas \u00e1reas tur\u00edsticas, hoteleiras e de lazer. Promete ser o seu parceiro estrat\u00e9gico para um desenvolvimento sustentado.\",\"breadcrumb\":{\"@id\":\"https:\\\/\\\/tradesolutions.pt\\\/blog\\\/#breadcrumb\"},\"inLanguage\":\"en-GB\",\"potentialAction\":[{\"@type\":\"ReadAction\",\"target\":[\"https:\\\/\\\/tradesolutions.pt\\\/blog\\\/\"]}]},{\"@type\":\"ImageObject\",\"inLanguage\":\"en-GB\",\"@id\":\"https:\\\/\\\/tradesolutions.pt\\\/blog\\\/#primaryimage\",\"url\":\"https:\\\/\\\/tradesolutions.pt\\\/wp-content\\\/uploads\\\/2026\\\/04\\\/blog_tradesolutions3-600x430.jpg\",\"contentUrl\":\"https:\\\/\\\/tradesolutions.pt\\\/wp-content\\\/uploads\\\/2026\\\/04\\\/blog_tradesolutions3-600x430.jpg\"},{\"@type\":\"BreadcrumbList\",\"@id\":\"https:\\\/\\\/tradesolutions.pt\\\/blog\\\/#breadcrumb\",\"itemListElement\":[{\"@type\":\"ListItem\",\"position\":1,\"name\":\"In\u00edcio\",\"item\":\"https:\\\/\\\/tradesolutions.pt\\\/\"},{\"@type\":\"ListItem\",\"position\":2,\"name\":\"Blog\"}]},{\"@type\":\"WebSite\",\"@id\":\"https:\\\/\\\/tradesolutions.pt\\\/#website\",\"url\":\"https:\\\/\\\/tradesolutions.pt\\\/\",\"name\":\"Trade Solutions\",\"description\":\"Hotel Consulting\",\"publisher\":{\"@id\":\"https:\\\/\\\/tradesolutions.pt\\\/#organization\"},\"potentialAction\":[{\"@type\":\"SearchAction\",\"target\":{\"@type\":\"EntryPoint\",\"urlTemplate\":\"https:\\\/\\\/tradesolutions.pt\\\/?s={search_term_string}\"},\"query-input\":{\"@type\":\"PropertyValueSpecification\",\"valueRequired\":true,\"valueName\":\"search_term_string\"}}],\"inLanguage\":\"en-GB\"},{\"@type\":\"Organization\",\"@id\":\"https:\\\/\\\/tradesolutions.pt\\\/#organization\",\"name\":\"Trade Solutions\",\"url\":\"https:\\\/\\\/tradesolutions.pt\\\/\",\"logo\":{\"@type\":\"ImageObject\",\"inLanguage\":\"en-GB\",\"@id\":\"https:\\\/\\\/tradesolutions.pt\\\/#\\\/schema\\\/logo\\\/image\\\/\",\"url\":\"https:\\\/\\\/tradesolutions.pt\\\/wp-content\\\/uploads\\\/2024\\\/04\\\/TradeSolutions_BlueLogo.png\",\"contentUrl\":\"https:\\\/\\\/tradesolutions.pt\\\/wp-content\\\/uploads\\\/2024\\\/04\\\/TradeSolutions_BlueLogo.png\",\"width\":583,\"height\":169,\"caption\":\"Trade Solutions\"},\"image\":{\"@id\":\"https:\\\/\\\/tradesolutions.pt\\\/#\\\/schema\\\/logo\\\/image\\\/\"}}]}<\/script>\n<!-- \/ Yoast SEO plugin. -->","yoast_head_json":{"title":"Blog - Trade Solutions","description":"Trade Solutions is an outsourcing company whose main objective is to provide hotel and similar hospitality services and consultancy in the areas of tourism, hotels and leisure. We promise to be your strategic partner for sustained development.","robots":{"index":"index","follow":"follow","max-snippet":"max-snippet:-1","max-image-preview":"max-image-preview:large","max-video-preview":"max-video-preview:-1"},"canonical":"https:\/\/tradesolutions.pt\/en\/blog\/","og_locale":"en_GB","og_type":"article","og_title":"Blog - Trade Solutions","og_description":"A Trade Solutions \u00e9 uma empresa de outsourcing que tem como principal objetivo, a presta\u00e7\u00e3o de servi\u00e7os hoteleiros e similares de hotelaria e de consultoria nas \u00e1reas tur\u00edsticas, hoteleiras e de lazer. Promete ser o seu parceiro estrat\u00e9gico para um desenvolvimento sustentado.","og_url":"https:\/\/tradesolutions.pt\/en\/blog\/","og_site_name":"Trade Solutions","article_modified_time":"2026-04-09T14:09:58+00:00","og_image":[{"url":"https:\/\/tradesolutions.pt\/wp-content\/uploads\/2026\/04\/blog_tradesolutions3-600x430.jpg","type":"","width":"","height":""}],"twitter_card":"summary_large_image","twitter_misc":{"Estimated reading time":"1 minute"},"schema":{"@context":"https:\/\/schema.org","@graph":[{"@type":"WebPage","@id":"https:\/\/tradesolutions.pt\/blog\/","url":"https:\/\/tradesolutions.pt\/blog\/","name":"Blog - Trade Solutions","isPartOf":{"@id":"https:\/\/tradesolutions.pt\/#website"},"primaryImageOfPage":{"@id":"https:\/\/tradesolutions.pt\/blog\/#primaryimage"},"image":{"@id":"https:\/\/tradesolutions.pt\/blog\/#primaryimage"},"thumbnailUrl":"https:\/\/tradesolutions.pt\/wp-content\/uploads\/2026\/04\/blog_tradesolutions3-600x430.jpg","datePublished":"2026-04-09T11:51:06+00:00","dateModified":"2026-04-09T14:09:58+00:00","description":"Trade Solutions is an outsourcing company whose main objective is to provide hotel and similar hospitality services and consultancy in the areas of tourism, hotels and leisure. We promise to be your strategic partner for sustained development.","breadcrumb":{"@id":"https:\/\/tradesolutions.pt\/blog\/#breadcrumb"},"inLanguage":"en-GB","potentialAction":[{"@type":"ReadAction","target":["https:\/\/tradesolutions.pt\/blog\/"]}]},{"@type":"ImageObject","inLanguage":"en-GB","@id":"https:\/\/tradesolutions.pt\/blog\/#primaryimage","url":"https:\/\/tradesolutions.pt\/wp-content\/uploads\/2026\/04\/blog_tradesolutions3-600x430.jpg","contentUrl":"https:\/\/tradesolutions.pt\/wp-content\/uploads\/2026\/04\/blog_tradesolutions3-600x430.jpg"},{"@type":"BreadcrumbList","@id":"https:\/\/tradesolutions.pt\/blog\/#breadcrumb","itemListElement":[{"@type":"ListItem","position":1,"name":"In\u00edcio","item":"https:\/\/tradesolutions.pt\/"},{"@type":"ListItem","position":2,"name":"Blog"}]},{"@type":"WebSite","@id":"https:\/\/tradesolutions.pt\/#website","url":"https:\/\/tradesolutions.pt\/","name":"Trade Solutions","description":"Hotel Consulting","publisher":{"@id":"https:\/\/tradesolutions.pt\/#organization"},"potentialAction":[{"@type":"SearchAction","target":{"@type":"EntryPoint","urlTemplate":"https:\/\/tradesolutions.pt\/?s={search_term_string}"},"query-input":{"@type":"PropertyValueSpecification","valueRequired":true,"valueName":"search_term_string"}}],"inLanguage":"en-GB"},{"@type":"Organization","@id":"https:\/\/tradesolutions.pt\/#organization","name":"Trade Solutions","url":"https:\/\/tradesolutions.pt\/","logo":{"@type":"ImageObject","inLanguage":"en-GB","@id":"https:\/\/tradesolutions.pt\/#\/schema\/logo\/image\/","url":"https:\/\/tradesolutions.pt\/wp-content\/uploads\/2024\/04\/TradeSolutions_BlueLogo.png","contentUrl":"https:\/\/tradesolutions.pt\/wp-content\/uploads\/2024\/04\/TradeSolutions_BlueLogo.png","width":583,"height":169,"caption":"Trade Solutions"},"image":{"@id":"https:\/\/tradesolutions.pt\/#\/schema\/logo\/image\/"}}]}},"_links":{"self":[{"href":"https:\/\/tradesolutions.pt\/en\/wp-json\/wp\/v2\/pages\/5431","targetHints":{"allow":["GET"]}}],"collection":[{"href":"https:\/\/tradesolutions.pt\/en\/wp-json\/wp\/v2\/pages"}],"about":[{"href":"https:\/\/tradesolutions.pt\/en\/wp-json\/wp\/v2\/types\/page"}],"author":[{"embeddable":true,"href":"https:\/\/tradesolutions.pt\/en\/wp-json\/wp\/v2\/users\/1"}],"replies":[{"embeddable":true,"href":"https:\/\/tradesolutions.pt\/en\/wp-json\/wp\/v2\/comments?post=5431"}],"version-history":[{"count":7,"href":"https:\/\/tradesolutions.pt\/en\/wp-json\/wp\/v2\/pages\/5431\/revisions"}],"predecessor-version":[{"id":5478,"href":"https:\/\/tradesolutions.pt\/en\/wp-json\/wp\/v2\/pages\/5431\/revisions\/5478"}],"wp:attachment":[{"href":"https:\/\/tradesolutions.pt\/en\/wp-json\/wp\/v2\/media?parent=5431"}],"curies":[{"name":"wp","href":"https:\/\/api.w.org\/{rel}","templated":true}]}}