{"id":5222,"date":"2026-04-06T09:06:18","date_gmt":"2026-04-06T09:06:18","guid":{"rendered":"https:\/\/tradesolutions.pt\/?page_id=5222"},"modified":"2026-04-10T11:50:15","modified_gmt":"2026-04-10T11:50:15","slug":"politica-de-privacidade-e-cookies","status":"publish","type":"page","link":"https:\/\/tradesolutions.pt\/en\/politica-de-privacidade-e-cookies\/","title":{"rendered":"Privacy and Cookie Policy"},"content":{"rendered":"\t\t<div data-elementor-type=\"wp-page\" data-elementor-id=\"5222\" class=\"elementor elementor-5222\">\n\t\t\t\t<div class=\" elementor-element elementor-element-6e5fd8f e-grid e-con-boxed section-light e-con e-parent\" data-id=\"6e5fd8f\" data-element_type=\"container\" data-e-type=\"container\">\n\t\t\t\t\t<div class=\"e-con-inner\">\n\t\t\t\t<div class=\"elementor-element elementor-element-8585e4f elementor-widget elementor-widget-text-editor\" data-id=\"8585e4f\" data-element_type=\"widget\" data-e-type=\"widget\" data-widget_type=\"text-editor.default\">\n\t\t\t\t<div class=\"elementor-widget-container\">\n\t\t\t\t\t\t\t\t\t<h3 data-section-id=\"1k5nq0k\" data-start=\"109\" data-end=\"138\"><strong data-start=\"111\" data-end=\"138\">Pol\u00edtica de Privacidade<\/strong><\/h3><h5 data-section-id=\"zgjrtd\" data-start=\"140\" data-end=\"159\"><strong data-start=\"143\" data-end=\"157\">Introdu\u00e7\u00e3o<\/strong><\/h5><p data-start=\"160\" data-end=\"367\">A Trade Solutions, respeita a privacidade dos seus utilizadores e compromete-se a proteger os seus dados pessoais, em conformidade com o Regulamento Geral sobre a Prote\u00e7\u00e3o de Dados (RGPD).<\/p><h5 data-section-id=\"1wk2hwm\" data-start=\"374\" data-end=\"408\"><strong data-start=\"377\" data-end=\"406\">Recolha de dados pessoais<\/strong><\/h5><p data-start=\"409\" data-end=\"452\">Podemos recolher dados pessoais atrav\u00e9s de:<\/p><ul data-start=\"454\" data-end=\"547\"><li data-section-id=\"1ck44vj\" data-start=\"454\" data-end=\"481\"><p data-start=\"456\" data-end=\"481\">Formul\u00e1rios de contacto<\/p><\/li><li data-section-id=\"1i5j9jn\" data-start=\"482\" data-end=\"519\"><p data-start=\"484\" data-end=\"519\">Comunica\u00e7\u00e3o por email ou telefone<\/p><\/li><li data-section-id=\"np1elv\" data-start=\"520\" data-end=\"547\"><p data-start=\"522\" data-end=\"547\">Intera\u00e7\u00e3o com o website<\/p><\/li><\/ul><p data-start=\"549\" data-end=\"680\">Os dados recolhidos podem incluir nome, email, contacto telef\u00f3nico e outras informa\u00e7\u00f5es fornecidas voluntariamente pelo utilizador.<\/p><h5 data-section-id=\"1cg2ha4\" data-start=\"687\" data-end=\"729\"><strong data-start=\"690\" data-end=\"727\">Finalidade do tratamento de dados<\/strong><\/h5><p data-start=\"730\" data-end=\"768\">Os dados pessoais s\u00e3o utilizados para:<\/p><ul data-start=\"770\" data-end=\"922\"><li data-section-id=\"1jt1bhd\" data-start=\"770\" data-end=\"805\"><p data-start=\"772\" data-end=\"805\">Responder a pedidos de contacto<\/p><\/li><li data-section-id=\"1bf5pvr\" data-start=\"806\" data-end=\"854\"><p data-start=\"808\" data-end=\"854\">Prestar informa\u00e7\u00f5es sobre os nossos servi\u00e7os<\/p><\/li><li data-section-id=\"swdj0t\" data-start=\"855\" data-end=\"892\"><p data-start=\"857\" data-end=\"892\">Melhorar a experi\u00eancia no website<\/p><\/li><li data-section-id=\"1iabx2j\" data-start=\"893\" data-end=\"922\"><p data-start=\"895\" data-end=\"922\">Cumprir obriga\u00e7\u00f5es legais<\/p><\/li><\/ul><h5 data-section-id=\"1izczgi\" data-start=\"929\" data-end=\"955\"><strong data-start=\"932\" data-end=\"953\">Partilha de dados<\/strong><\/h5><p data-start=\"956\" data-end=\"1111\">A Trade Solutions n\u00e3o vende, aluga ou partilha dados pessoais com terceiros, exceto quando necess\u00e1rio para cumprimento de obriga\u00e7\u00f5es legais ou presta\u00e7\u00e3o de servi\u00e7os.<\/p><h5 data-section-id=\"4zbkoq\" data-start=\"1118\" data-end=\"1148\"><strong data-start=\"1121\" data-end=\"1146\">Conserva\u00e7\u00e3o dos dados<\/strong><\/h5><p data-start=\"1149\" data-end=\"1304\">Os dados pessoais ser\u00e3o conservados apenas pelo per\u00edodo necess\u00e1rio para cumprir as finalidades para as quais foram recolhidos, ou conforme exigido por lei.<\/p><h5 data-section-id=\"1q234q\" data-start=\"1311\" data-end=\"1342\"><strong data-start=\"1314\" data-end=\"1340\">Direitos do utilizador<\/strong><\/h5><p data-start=\"1343\" data-end=\"1409\">Nos termos da legisla\u00e7\u00e3o aplic\u00e1vel, o utilizador tem o direito de:<\/p><ul data-start=\"1411\" data-end=\"1578\"><li data-section-id=\"yxb79p\" data-start=\"1411\" data-end=\"1445\"><p data-start=\"1413\" data-end=\"1445\">Aceder aos seus dados pessoais<\/p><\/li><li data-section-id=\"1fg67vw\" data-start=\"1446\" data-end=\"1491\"><p data-start=\"1448\" data-end=\"1491\">Solicitar a sua retifica\u00e7\u00e3o ou elimina\u00e7\u00e3o<\/p><\/li><li data-section-id=\"m21qvd\" data-start=\"1492\" data-end=\"1538\"><p data-start=\"1494\" data-end=\"1538\">Limitar ou opor-se ao tratamento dos dados<\/p><\/li><li data-section-id=\"1qpzjai\" data-start=\"1539\" data-end=\"1578\"><p data-start=\"1541\" data-end=\"1578\">Solicitar a portabilidade dos dados<\/p><\/li><\/ul><p data-start=\"1580\" data-end=\"1644\">Para exercer estes direitos, dever\u00e1 entrar em contacto connosco.<\/p><h5 data-section-id=\"atj14v\" data-start=\"1651\" data-end=\"1679\"><strong data-start=\"1654\" data-end=\"1677\">Seguran\u00e7a dos dados<\/strong><\/h5><p data-start=\"1680\" data-end=\"1816\">Adotamos medidas t\u00e9cnicas e organizativas adequadas para proteger os dados pessoais contra perda, uso indevido ou acesso n\u00e3o autorizado.<\/p><h5 data-section-id=\"c6c0gs\" data-start=\"1823\" data-end=\"1868\"><strong data-start=\"1826\" data-end=\"1866\">Altera\u00e7\u00f5es \u00e0 pol\u00edtica de privacidade<\/strong><\/h5><p data-start=\"1869\" data-end=\"2000\">Reservamo-nos o direito de atualizar esta Pol\u00edtica de Privacidade a qualquer momento. Recomendamos a consulta regular desta p\u00e1gina.<\/p><h5 data-section-id=\"dqdrqx\" data-start=\"2007\" data-end=\"2025\"><strong data-start=\"2010\" data-end=\"2023\">Contactos<\/strong><\/h5><p data-start=\"2026\" data-end=\"2156\">Para qualquer quest\u00e3o relacionada com a prote\u00e7\u00e3o de dados pessoais, poder\u00e1 contactar-nos atrav\u00e9s dos meios dispon\u00edveis no website.<\/p><h3 data-section-id=\"t8lctt\" data-start=\"171\" data-end=\"196\"><strong data-start=\"173\" data-end=\"196\">Pol\u00edtica de Cookies<\/strong><\/h3><h5 data-section-id=\"felj3w\" data-start=\"198\" data-end=\"225\"><strong data-start=\"201\" data-end=\"223\">O que s\u00e3o cookies?<\/strong><\/h5><p data-start=\"226\" data-end=\"507\">Os cookies s\u00e3o pequenos ficheiros de texto armazenados no seu dispositivo (computador, tablet ou telem\u00f3vel) quando visita um website. Estes ficheiros permitem melhorar a experi\u00eancia de navega\u00e7\u00e3o, memorizando as suas prefer\u00eancias e recolhendo informa\u00e7\u00f5es sobre a utiliza\u00e7\u00e3o do site.<\/p><h5 data-section-id=\"116w86h\" data-start=\"514\" data-end=\"551\"><strong data-start=\"517\" data-end=\"549\">Para que utilizamos cookies?<\/strong><\/h5><p data-start=\"552\" data-end=\"576\">Utilizamos cookies para:<\/p><ul data-start=\"578\" data-end=\"751\"><li data-section-id=\"l87f17\" data-start=\"578\" data-end=\"625\"><p data-start=\"580\" data-end=\"625\">Garantir o correto funcionamento do website<\/p><\/li><li data-section-id=\"l5kwwj\" data-start=\"626\" data-end=\"666\"><p data-start=\"628\" data-end=\"666\">Melhorar a experi\u00eancia do utilizador<\/p><\/li><li data-section-id=\"1c6xp9u\" data-start=\"667\" data-end=\"713\"><p data-start=\"669\" data-end=\"713\">Analisar o desempenho e utiliza\u00e7\u00e3o do site<\/p><\/li><li data-section-id=\"1fx1wxw\" data-start=\"714\" data-end=\"751\"><p data-start=\"716\" data-end=\"751\">Personalizar conte\u00fados e servi\u00e7os<\/p><\/li><\/ul><h5 data-section-id=\"brkevg\" data-start=\"758\" data-end=\"792\"><strong data-start=\"761\" data-end=\"792\">Tipos de cookies utilizados<\/strong><\/h5><p data-start=\"794\" data-end=\"935\"><strong data-start=\"794\" data-end=\"816\">Cookies essenciais<\/strong><br data-start=\"816\" data-end=\"819\" \/>Necess\u00e1rios para o funcionamento do website. Sem estes cookies, algumas funcionalidades podem n\u00e3o estar dispon\u00edveis.<\/p><p data-start=\"937\" data-end=\"1088\"><strong data-start=\"937\" data-end=\"972\">Cookies de desempenho e an\u00e1lise<\/strong><br data-start=\"972\" data-end=\"975\" \/>Permitem analisar a forma como os utilizadores interagem com o site, ajudando-nos a melhorar o seu funcionamento.<\/p><p data-start=\"1090\" data-end=\"1183\"><strong data-start=\"1090\" data-end=\"1119\">Cookies de funcionalidade<\/strong><br data-start=\"1119\" data-end=\"1122\" \/>Guardam as prefer\u00eancias do utilizador, como idioma ou regi\u00e3o.<\/p><p data-start=\"1185\" data-end=\"1326\"><strong data-start=\"1185\" data-end=\"1209\">Cookies de terceiros<\/strong><br data-start=\"1209\" data-end=\"1212\" \/>Podem ser utilizados servi\u00e7os externos (como ferramentas de an\u00e1lise ou redes sociais) que tamb\u00e9m utilizam cookies.<\/p><h5 data-section-id=\"874ha2\" data-start=\"1333\" data-end=\"1359\"><strong data-start=\"1336\" data-end=\"1357\">Gest\u00e3o de cookies<\/strong><\/h5><p data-start=\"1360\" data-end=\"1548\">O utilizador pode, a qualquer momento, configurar o seu navegador para aceitar, recusar ou apagar cookies. Note que a desativa\u00e7\u00e3o de cookies pode afetar o correto funcionamento do website.<\/p><h5 data-section-id=\"1cgjyx9\" data-start=\"1555\" data-end=\"1590\"><strong data-start=\"1558\" data-end=\"1588\">Altera\u00e7\u00f5es a esta pol\u00edtica<\/strong><\/h5><p data-start=\"1591\" data-end=\"1723\">Reservamo-nos o direito de atualizar esta Pol\u00edtica de Cookies sempre que necess\u00e1rio. Recomendamos a consulta peri\u00f3dica desta p\u00e1gina.<\/p><h5 data-section-id=\"dqdrqx\" data-start=\"1730\" data-end=\"1748\"><strong data-start=\"1733\" data-end=\"1746\">Contactos<\/strong><\/h5><p data-start=\"1749\" data-end=\"1904\">Para mais informa\u00e7\u00f5es sobre a utiliza\u00e7\u00e3o de cookies neste website, poder\u00e1 entrar em contacto connosco atrav\u00e9s dos meios dispon\u00edveis na p\u00e1gina de contactos.<\/p>\t\t\t\t\t\t\t\t<\/div>\n\t\t\t\t<\/div>\n\t\t\t\t\t<\/div>\n\t\t\t\t<\/div>\n\t\t<div class=\" elementor-element elementor-element-39ac81e4 e-flex e-con-boxed section-light e-con e-parent\" data-id=\"39ac81e4\" data-element_type=\"container\" data-e-type=\"container\" data-settings=\"{&quot;background_background&quot;:&quot;classic&quot;}\">\n\t\t\t\t\t<div class=\"e-con-inner\">\n\t\t<div class=\"entrance-animation  elementor-element elementor-element-4cf9f6d6 e-con-full e-flex section-light e-con e-child\" data-anime=\"{&quot;duration&quot;:600,&quot;staggervalue&quot;:300,&quot;easing&quot;:&quot;easeOutQuad&quot;,&quot;targets&quot;:&quot;.elementor-element-4cf9f6d6.entrance-animation&gt; .e-child,.elementor-element-4cf9f6d6.entrance-animation&gt; .e-con-inner &gt; .e-con-full.e-child,.elementor-element-4cf9f6d6.entrance-animation&gt; .elementor-widget,.elementor-element-4cf9f6d6.entrance-animation&gt; .e-con-inner &gt; .elementor-widget&quot;,&quot;opacity&quot;:[0,1],&quot;translateY&quot;:[50,0]}\" data-id=\"4cf9f6d6\" data-element_type=\"container\" data-e-type=\"container\">\n\t\t<div class=\" elementor-element elementor-element-69ef4875 e-con-full e-flex section-light e-con e-child\" data-id=\"69ef4875\" data-element_type=\"container\" data-e-type=\"container\" data-settings=\"{&quot;background_background&quot;:&quot;gradient&quot;}\">\n\t\t\t\t<div class=\"elementor-element elementor-element-4740d700 elementor-view-default elementor-widget elementor-widget-icon\" data-id=\"4740d700\" data-element_type=\"widget\" data-e-type=\"widget\" data-widget_type=\"icon.default\">\n\t\t\t\t<div class=\"elementor-widget-container\">\n\t\t\t\t\t\t\t<div class=\"elementor-icon-wrapper\">\n\t\t\t<div class=\"elementor-icon\">\n\t\t\t<i aria-hidden=\"true\" class=\"bi bi-megaphone\"><\/i>\t\t\t<\/div>\n\t\t<\/div>\n\t\t\t\t\t\t<\/div>\n\t\t\t\t<\/div>\n\t\t\t\t<div class=\"elementor-element elementor-element-55f18392 elementor-widget elementor-widget-crafto-heading\" data-id=\"55f18392\" data-element_type=\"widget\" data-e-type=\"widget\" data-widget_type=\"crafto-heading.default\">\n\t\t\t\t<div class=\"elementor-widget-container\">\n\t\t\t\t\t<span class=\"crafto-heading\"><span class=\"crafto-primary-title\">A nossa equipa est\u00e1 pronta para apoiar o seu projeto<\/span><\/span>\t\t\t\t<\/div>\n\t\t\t\t<\/div>\n\t\t\t\t<\/div>\n\t\t\t\t<div class=\"elementor-element elementor-element-5ac63beb elementor-widget elementor-widget-crafto-heading\" data-id=\"5ac63beb\" data-element_type=\"widget\" data-e-type=\"widget\" data-widget_type=\"crafto-heading.default\">\n\t\t\t\t<div class=\"elementor-widget-container\">\n\t\t\t\t\t<h2 class=\"crafto-heading\"><span class=\"crafto-primary-title\">Descubra solu\u00e7\u00f5es pensadas para maximizar os seus resultados!<\/span><\/h2>\t\t\t\t<\/div>\n\t\t\t\t<\/div>\n\t\t\t\t<div class=\"elementor-element elementor-element-1aa154f9 btn-cta elementor-widget elementor-widget-crafto-button\" data-id=\"1aa154f9\" data-element_type=\"widget\" data-e-type=\"widget\" data-widget_type=\"crafto-button.default\">\n\t\t\t\t<div class=\"elementor-widget-container\">\n\t\t\t\t\t\t\t\t<div class=\"elementor-button-wrapper crafto-button-wrapper\">\n\t\t\t\t<a class=\"elementor-button btn-icon-right elementor-button-link default elementor-size-xl elementor-animation-btn-switch-text btn-custom-effect\" role=\"button\" href=\"\/contactos\">\n\t\t\t\t\t\t\t\t<div class=\"elementor-button-content-wrapper\">\n\t\t\t\t\t\t\t\t\t<span class=\"elementor-button-text\" data-btn-text=\"Fale Connosco!\">Fale Connosco!<\/span>\n\t\t\t\t\t\t\t\t\t\t<span class=\"elementor-button-icon elementor-align-icon-right\">\n\t\t\t\t\t\t<i aria-hidden=\"true\" class=\"fa-solid fa-arrow-right\"><\/i>\t\t\t\t\t<\/span>\n\t\t\t\t\t\t\t\t<\/div>\n\t\t\t\t\t\t\t<\/a>\n\t\t\t<\/div>\n\t\t\t\t\t\t\t<\/div>\n\t\t\t\t<\/div>\n\t\t\t\t<\/div>\n\t\t\t\t\t<\/div>\n\t\t\t\t<\/div>\n\t\t\t\t<\/div>\n\t\t","protected":false},"excerpt":{"rendered":"<p>Pol\u00edtica de Privacidade Introdu\u00e7\u00e3o A Trade Solutions, respeita a privacidade dos seus utilizadores e compromete-se a proteger os seus dados pessoais, em conformidade com o Regulamento Geral sobre a Prote\u00e7\u00e3o de Dados (RGPD). Recolha de dados pessoais Podemos recolher dados pessoais atrav\u00e9s de: Formul\u00e1rios de contacto Comunica\u00e7\u00e3o por email ou telefone Intera\u00e7\u00e3o com o website [&hellip;]<\/p>\n","protected":false},"author":1,"featured_media":0,"parent":0,"menu_order":0,"comment_status":"closed","ping_status":"closed","template":"","meta":{"footnotes":""},"class_list":["post-5222","page","type-page","status-publish","hentry"],"yoast_head":"<!-- This site is optimized with the Yoast SEO plugin v27.4 - https:\/\/yoast.com\/product\/yoast-seo-wordpress\/ -->\n<title>Pol\u00edtica de Privacidade e Cookies - Trade Solutions<\/title>\n<meta name=\"description\" content=\"A Trade Solutions \u00e9 uma empresa de outsourcing que tem como principal objetivo, a presta\u00e7\u00e3o de servi\u00e7os hoteleiros e similares de hotelaria e de consultoria nas \u00e1reas tur\u00edsticas, hoteleiras e de lazer. Promete ser o seu parceiro estrat\u00e9gico para um desenvolvimento sustentado.\" \/>\n<meta name=\"robots\" content=\"index, follow, max-snippet:-1, max-image-preview:large, max-video-preview:-1\" \/>\n<link rel=\"canonical\" href=\"https:\/\/tradesolutions.pt\/en\/politica-de-privacidade-e-cookies\/\" \/>\n<meta property=\"og:locale\" content=\"en_GB\" \/>\n<meta property=\"og:type\" content=\"article\" \/>\n<meta property=\"og:title\" content=\"Pol\u00edtica de Privacidade e Cookies - Trade Solutions\" \/>\n<meta property=\"og:description\" content=\"A Trade Solutions \u00e9 uma empresa de outsourcing que tem como principal objetivo, a presta\u00e7\u00e3o de servi\u00e7os hoteleiros e similares de hotelaria e de consultoria nas \u00e1reas tur\u00edsticas, hoteleiras e de lazer. Promete ser o seu parceiro estrat\u00e9gico para um desenvolvimento sustentado.\" \/>\n<meta property=\"og:url\" content=\"https:\/\/tradesolutions.pt\/en\/politica-de-privacidade-e-cookies\/\" \/>\n<meta property=\"og:site_name\" content=\"Trade Solutions\" \/>\n<meta property=\"article:modified_time\" content=\"2026-04-10T11:50:15+00:00\" \/>\n<meta property=\"og:image\" content=\"https:\/\/tradesolutions.pt\/wp-content\/uploads\/2024\/04\/TradeSolutions_BlueLogo.png\" \/>\n\t<meta property=\"og:image:width\" content=\"583\" \/>\n\t<meta property=\"og:image:height\" content=\"169\" \/>\n\t<meta property=\"og:image:type\" content=\"image\/png\" \/>\n<meta name=\"twitter:card\" content=\"summary_large_image\" \/>\n<meta name=\"twitter:label1\" content=\"Estimated reading time\" \/>\n\t<meta name=\"twitter:data1\" content=\"3 minutes\" \/>\n<script type=\"application\/ld+json\" class=\"yoast-schema-graph\">{\"@context\":\"https:\\\/\\\/schema.org\",\"@graph\":[{\"@type\":\"WebPage\",\"@id\":\"https:\\\/\\\/tradesolutions.pt\\\/politica-de-privacidade-e-cookies\\\/\",\"url\":\"https:\\\/\\\/tradesolutions.pt\\\/politica-de-privacidade-e-cookies\\\/\",\"name\":\"Pol\u00edtica de Privacidade e Cookies - Trade Solutions\",\"isPartOf\":{\"@id\":\"https:\\\/\\\/tradesolutions.pt\\\/#website\"},\"datePublished\":\"2026-04-06T09:06:18+00:00\",\"dateModified\":\"2026-04-10T11:50:15+00:00\",\"description\":\"A Trade Solutions \u00e9 uma empresa de outsourcing que tem como principal objetivo, a presta\u00e7\u00e3o de servi\u00e7os hoteleiros e similares de hotelaria e de consultoria nas \u00e1reas tur\u00edsticas, hoteleiras e de lazer. Promete ser o seu parceiro estrat\u00e9gico para um desenvolvimento sustentado.\",\"breadcrumb\":{\"@id\":\"https:\\\/\\\/tradesolutions.pt\\\/politica-de-privacidade-e-cookies\\\/#breadcrumb\"},\"inLanguage\":\"en-GB\",\"potentialAction\":[{\"@type\":\"ReadAction\",\"target\":[\"https:\\\/\\\/tradesolutions.pt\\\/politica-de-privacidade-e-cookies\\\/\"]}]},{\"@type\":\"BreadcrumbList\",\"@id\":\"https:\\\/\\\/tradesolutions.pt\\\/politica-de-privacidade-e-cookies\\\/#breadcrumb\",\"itemListElement\":[{\"@type\":\"ListItem\",\"position\":1,\"name\":\"In\u00edcio\",\"item\":\"https:\\\/\\\/tradesolutions.pt\\\/\"},{\"@type\":\"ListItem\",\"position\":2,\"name\":\"Pol\u00edtica de Privacidade e Cookies\"}]},{\"@type\":\"WebSite\",\"@id\":\"https:\\\/\\\/tradesolutions.pt\\\/#website\",\"url\":\"https:\\\/\\\/tradesolutions.pt\\\/\",\"name\":\"Trade Solutions\",\"description\":\"Hotel Consulting\",\"publisher\":{\"@id\":\"https:\\\/\\\/tradesolutions.pt\\\/#organization\"},\"potentialAction\":[{\"@type\":\"SearchAction\",\"target\":{\"@type\":\"EntryPoint\",\"urlTemplate\":\"https:\\\/\\\/tradesolutions.pt\\\/?s={search_term_string}\"},\"query-input\":{\"@type\":\"PropertyValueSpecification\",\"valueRequired\":true,\"valueName\":\"search_term_string\"}}],\"inLanguage\":\"en-GB\"},{\"@type\":\"Organization\",\"@id\":\"https:\\\/\\\/tradesolutions.pt\\\/#organization\",\"name\":\"Trade Solutions\",\"url\":\"https:\\\/\\\/tradesolutions.pt\\\/\",\"logo\":{\"@type\":\"ImageObject\",\"inLanguage\":\"en-GB\",\"@id\":\"https:\\\/\\\/tradesolutions.pt\\\/#\\\/schema\\\/logo\\\/image\\\/\",\"url\":\"https:\\\/\\\/tradesolutions.pt\\\/wp-content\\\/uploads\\\/2024\\\/04\\\/TradeSolutions_BlueLogo.png\",\"contentUrl\":\"https:\\\/\\\/tradesolutions.pt\\\/wp-content\\\/uploads\\\/2024\\\/04\\\/TradeSolutions_BlueLogo.png\",\"width\":583,\"height\":169,\"caption\":\"Trade Solutions\"},\"image\":{\"@id\":\"https:\\\/\\\/tradesolutions.pt\\\/#\\\/schema\\\/logo\\\/image\\\/\"}}]}<\/script>\n<!-- \/ Yoast SEO plugin. -->","yoast_head_json":{"title":"Pol\u00edtica de Privacidade e Cookies - Trade Solutions","description":"Trade Solutions is an outsourcing company whose main objective is to provide hotel and similar hospitality services and consultancy in the areas of tourism, hotels and leisure. We promise to be your strategic partner for sustained development.","robots":{"index":"index","follow":"follow","max-snippet":"max-snippet:-1","max-image-preview":"max-image-preview:large","max-video-preview":"max-video-preview:-1"},"canonical":"https:\/\/tradesolutions.pt\/en\/politica-de-privacidade-e-cookies\/","og_locale":"en_GB","og_type":"article","og_title":"Pol\u00edtica de Privacidade e Cookies - Trade Solutions","og_description":"A Trade Solutions \u00e9 uma empresa de outsourcing que tem como principal objetivo, a presta\u00e7\u00e3o de servi\u00e7os hoteleiros e similares de hotelaria e de consultoria nas \u00e1reas tur\u00edsticas, hoteleiras e de lazer. Promete ser o seu parceiro estrat\u00e9gico para um desenvolvimento sustentado.","og_url":"https:\/\/tradesolutions.pt\/en\/politica-de-privacidade-e-cookies\/","og_site_name":"Trade Solutions","article_modified_time":"2026-04-10T11:50:15+00:00","og_image":[{"width":583,"height":169,"url":"https:\/\/tradesolutions.pt\/wp-content\/uploads\/2024\/04\/TradeSolutions_BlueLogo.png","type":"image\/png"}],"twitter_card":"summary_large_image","twitter_misc":{"Estimated reading time":"3 minutes"},"schema":{"@context":"https:\/\/schema.org","@graph":[{"@type":"WebPage","@id":"https:\/\/tradesolutions.pt\/politica-de-privacidade-e-cookies\/","url":"https:\/\/tradesolutions.pt\/politica-de-privacidade-e-cookies\/","name":"Pol\u00edtica de Privacidade e Cookies - Trade Solutions","isPartOf":{"@id":"https:\/\/tradesolutions.pt\/#website"},"datePublished":"2026-04-06T09:06:18+00:00","dateModified":"2026-04-10T11:50:15+00:00","description":"Trade Solutions is an outsourcing company whose main objective is to provide hotel and similar hospitality services and consultancy in the areas of tourism, hotels and leisure. We promise to be your strategic partner for sustained development.","breadcrumb":{"@id":"https:\/\/tradesolutions.pt\/politica-de-privacidade-e-cookies\/#breadcrumb"},"inLanguage":"en-GB","potentialAction":[{"@type":"ReadAction","target":["https:\/\/tradesolutions.pt\/politica-de-privacidade-e-cookies\/"]}]},{"@type":"BreadcrumbList","@id":"https:\/\/tradesolutions.pt\/politica-de-privacidade-e-cookies\/#breadcrumb","itemListElement":[{"@type":"ListItem","position":1,"name":"In\u00edcio","item":"https:\/\/tradesolutions.pt\/"},{"@type":"ListItem","position":2,"name":"Pol\u00edtica de Privacidade e Cookies"}]},{"@type":"WebSite","@id":"https:\/\/tradesolutions.pt\/#website","url":"https:\/\/tradesolutions.pt\/","name":"Trade Solutions","description":"Hotel Consulting","publisher":{"@id":"https:\/\/tradesolutions.pt\/#organization"},"potentialAction":[{"@type":"SearchAction","target":{"@type":"EntryPoint","urlTemplate":"https:\/\/tradesolutions.pt\/?s={search_term_string}"},"query-input":{"@type":"PropertyValueSpecification","valueRequired":true,"valueName":"search_term_string"}}],"inLanguage":"en-GB"},{"@type":"Organization","@id":"https:\/\/tradesolutions.pt\/#organization","name":"Trade Solutions","url":"https:\/\/tradesolutions.pt\/","logo":{"@type":"ImageObject","inLanguage":"en-GB","@id":"https:\/\/tradesolutions.pt\/#\/schema\/logo\/image\/","url":"https:\/\/tradesolutions.pt\/wp-content\/uploads\/2024\/04\/TradeSolutions_BlueLogo.png","contentUrl":"https:\/\/tradesolutions.pt\/wp-content\/uploads\/2024\/04\/TradeSolutions_BlueLogo.png","width":583,"height":169,"caption":"Trade Solutions"},"image":{"@id":"https:\/\/tradesolutions.pt\/#\/schema\/logo\/image\/"}}]}},"_links":{"self":[{"href":"https:\/\/tradesolutions.pt\/en\/wp-json\/wp\/v2\/pages\/5222","targetHints":{"allow":["GET"]}}],"collection":[{"href":"https:\/\/tradesolutions.pt\/en\/wp-json\/wp\/v2\/pages"}],"about":[{"href":"https:\/\/tradesolutions.pt\/en\/wp-json\/wp\/v2\/types\/page"}],"author":[{"embeddable":true,"href":"https:\/\/tradesolutions.pt\/en\/wp-json\/wp\/v2\/users\/1"}],"replies":[{"embeddable":true,"href":"https:\/\/tradesolutions.pt\/en\/wp-json\/wp\/v2\/comments?post=5222"}],"version-history":[{"count":19,"href":"https:\/\/tradesolutions.pt\/en\/wp-json\/wp\/v2\/pages\/5222\/revisions"}],"predecessor-version":[{"id":5515,"href":"https:\/\/tradesolutions.pt\/en\/wp-json\/wp\/v2\/pages\/5222\/revisions\/5515"}],"wp:attachment":[{"href":"https:\/\/tradesolutions.pt\/en\/wp-json\/wp\/v2\/media?parent=5222"}],"curies":[{"name":"wp","href":"https:\/\/api.w.org\/{rel}","templated":true}]}}