{"id":1042,"date":"2024-04-04T06:02:03","date_gmt":"2024-04-04T06:02:03","guid":{"rendered":"https:\/\/crafto.themezaa.com\/?page_id=1042"},"modified":"2026-04-10T11:45:58","modified_gmt":"2026-04-10T11:45:58","slug":"contactos","status":"publish","type":"page","link":"https:\/\/tradesolutions.pt\/en\/contactos\/","title":{"rendered":"Contact"},"content":{"rendered":"\t\t<div data-elementor-type=\"wp-page\" data-elementor-id=\"1042\" class=\"elementor elementor-1042\">\n\t\t\t\t<div class=\" elementor-element elementor-element-91334b0 e-flex e-con-boxed section-light e-con e-parent\" data-id=\"91334b0\" data-element_type=\"container\" data-e-type=\"container\">\n\t\t\t\t\t<div class=\"e-con-inner\">\n\t\t<div class=\"entrance-animation  elementor-element elementor-element-de7d2de e-con-full position-sticky e-flex section-light e-con e-child\" data-anime=\"{&quot;duration&quot;:600,&quot;staggervalue&quot;:250,&quot;easing&quot;:&quot;easeOutQuad&quot;,&quot;targets&quot;:&quot;.elementor-element-de7d2de.entrance-animation&gt; .e-child,.elementor-element-de7d2de.entrance-animation&gt; .e-con-inner &gt; .e-con-full.e-child,.elementor-element-de7d2de.entrance-animation&gt; .elementor-widget,.elementor-element-de7d2de.entrance-animation&gt; .e-con-inner &gt; .elementor-widget&quot;,&quot;opacity&quot;:[0,1],&quot;translateY&quot;:[30,0]}\" data-id=\"de7d2de\" data-element_type=\"container\" data-e-type=\"container\">\n\t\t\t\t<div class=\"elementor-element elementor-element-b91ddfe elementor-position-left elementor-vertical-align-middle elementor-view-default elementor-widget elementor-widget-crafto-icon-box\" data-id=\"b91ddfe\" data-element_type=\"widget\" data-e-type=\"widget\" data-widget_type=\"crafto-icon-box.default\">\n\t\t\t\t<div class=\"elementor-widget-container\">\n\t\t\t\t\t\t\t\t<div class=\"elementor-icon-box-wrapper crafto-icon-box-wrapper\">\n\t\t\t\t\t\t\t\t\t<div class=\"elementor-icon-box-icon \">\n\t\t\t\t\t\t\t\t\t\t<span class=\"elementor-icon elementor-animation-\" >\n\t\t\t\t<i aria-hidden=\"true\" class=\"bi bi-chat-square-dots\"><\/i>\t\t\t\t<\/span>\n\t\t\t\t\t\t\t\t\t<\/div>\n\t\t\t\t\t\t\t\t\t<div class=\"elementor-icon-box-content\">\n\t\t\t\t\t\t\t\t\t\t\t<span class=\"elementor-icon-box-title\">\n\t\t\t\t\t\t\t<span >\n\t\t\t\t\t\t\tVamos trabalhar juntos\t\t\t\t\t\t\t<\/span>\n\t\t\t\t\t\t<\/span>\n\t\t\t\t\t\t\t\t\t\t<\/div>\n\t\t\t<\/div>\n\t\t\t\t\t\t\t<\/div>\n\t\t\t\t<\/div>\n\t\t\t\t<div class=\"elementor-element elementor-element-852ac9c elementor-widget elementor-widget-crafto-heading\" data-id=\"852ac9c\" data-element_type=\"widget\" data-e-type=\"widget\" data-widget_type=\"crafto-heading.default\">\n\t\t\t\t<div class=\"elementor-widget-container\">\n\t\t\t\t\t<h3 class=\"crafto-heading\"><span class=\"crafto-primary-title\">Contactos<\/span><\/h3>\t\t\t\t<\/div>\n\t\t\t\t<\/div>\n\t\t\t\t<div class=\"elementor-element elementor-element-9c7c683 elementor-widget__width-initial elementor-widget elementor-widget-text-editor\" data-id=\"9c7c683\" data-element_type=\"widget\" data-e-type=\"widget\" data-widget_type=\"text-editor.default\">\n\t\t\t\t<div class=\"elementor-widget-container\">\n\t\t\t\t\t\t\t\t\t<p data-start=\"107\" data-end=\"299\">Estamos aqui para si.<br data-start=\"177\" data-end=\"180\" \/>Preencha o formul\u00e1rio abaixo ou utilize um dos nossos meios de contacto \u2014 responderemos com a maior brevidade poss\u00edvel.<\/p><p data-start=\"301\" data-end=\"370\">A sua opini\u00e3o \u00e9 importante para n\u00f3s e teremos todo o gosto em ajudar.\u00a0<\/p>\t\t\t\t\t\t\t\t<\/div>\n\t\t\t\t<\/div>\n\t\t\t\t<\/div>\n\t\t<div class=\"entrance-animation  elementor-element elementor-element-389cadf e-con-full e-flex section-light e-con e-child\" data-anime=\"{&quot;duration&quot;:600,&quot;staggervalue&quot;:150,&quot;easing&quot;:&quot;easeOutQuad&quot;,&quot;opacity&quot;:[0,1],&quot;translateY&quot;:[30,0]}\" data-id=\"389cadf\" data-element_type=\"container\" data-e-type=\"container\">\n\t\t<div class=\" elementor-element elementor-element-5a2d0fa e-con-full e-flex section-light e-con e-child\" data-id=\"5a2d0fa\" data-element_type=\"container\" data-e-type=\"container\">\n\t\t<div class=\" elementor-element elementor-element-1b62f89 e-con-full e-flex section-light e-con e-child\" data-id=\"1b62f89\" data-element_type=\"container\" data-e-type=\"container\">\n\t\t\t\t<div class=\"elementor-element elementor-element-9283a10 elementor-widget elementor-widget-crafto-heading\" data-id=\"9283a10\" data-element_type=\"widget\" data-e-type=\"widget\" data-widget_type=\"crafto-heading.default\">\n\t\t\t\t<div class=\"elementor-widget-container\">\n\t\t\t\t\t<span class=\"crafto-heading\"><span class=\"crafto-primary-title\">Telem\u00f3vel<\/span><\/span>\t\t\t\t<\/div>\n\t\t\t\t<\/div>\n\t\t<div class=\" elementor-element elementor-element-cb0d028 e-con-full e-flex section-light e-con e-child\" data-id=\"cb0d028\" data-element_type=\"container\" data-e-type=\"container\">\n\t\t\t\t<div class=\"elementor-element elementor-element-8600bca elementor-view-default elementor-widget elementor-widget-icon\" data-id=\"8600bca\" data-element_type=\"widget\" data-e-type=\"widget\" data-widget_type=\"icon.default\">\n\t\t\t\t<div class=\"elementor-widget-container\">\n\t\t\t\t\t\t\t<div class=\"elementor-icon-wrapper\">\n\t\t\t<div class=\"elementor-icon\">\n\t\t\t<i aria-hidden=\"true\" class=\" icon-feather-phone-call\"><\/i>\t\t\t<\/div>\n\t\t<\/div>\n\t\t\t\t\t\t<\/div>\n\t\t\t\t<\/div>\n\t\t\t\t<div class=\"elementor-element elementor-element-3c638ae elementor-widget elementor-widget-crafto-heading\" data-id=\"3c638ae\" data-element_type=\"widget\" data-e-type=\"widget\" data-widget_type=\"crafto-heading.default\">\n\t\t\t\t<div class=\"elementor-widget-container\">\n\t\t\t\t\t<div class=\"crafto-heading\"><span class=\"crafto-primary-title\"><a href=\"tel:+351919784689\">(+351) 919 784 689<\/a><\/span><\/div>\t\t\t\t<\/div>\n\t\t\t\t<\/div>\n\t\t\t\t<\/div>\n\t\t\t\t<div class=\"elementor-element elementor-element-963a363 elementor-widget elementor-widget-text-editor\" data-id=\"963a363\" data-element_type=\"widget\" data-e-type=\"widget\" data-widget_type=\"text-editor.default\">\n\t\t\t\t<div class=\"elementor-widget-container\">\n\t\t\t\t\t\t\t\t\t<p>(chamada para a rede m\u00f3vel nacional)<\/p>\t\t\t\t\t\t\t\t<\/div>\n\t\t\t\t<\/div>\n\t\t\t\t<\/div>\n\t\t\t\t<\/div>\n\t\t<div class=\" elementor-element elementor-element-3a3241d e-con-full e-flex section-light e-con e-child\" data-id=\"3a3241d\" data-element_type=\"container\" data-e-type=\"container\">\n\t\t<div class=\" elementor-element elementor-element-b2dfc24 e-con-full e-flex section-light e-con e-child\" data-id=\"b2dfc24\" data-element_type=\"container\" data-e-type=\"container\">\n\t\t\t\t<div class=\"elementor-element elementor-element-d9a6078 elementor-widget elementor-widget-crafto-heading\" data-id=\"d9a6078\" data-element_type=\"widget\" data-e-type=\"widget\" data-widget_type=\"crafto-heading.default\">\n\t\t\t\t<div class=\"elementor-widget-container\">\n\t\t\t\t\t<span class=\"crafto-heading\"><span class=\"crafto-primary-title\">Email<\/span><\/span>\t\t\t\t<\/div>\n\t\t\t\t<\/div>\n\t\t<div class=\" elementor-element elementor-element-ba68e58 e-con-full e-flex section-light e-con e-child\" data-id=\"ba68e58\" data-element_type=\"container\" data-e-type=\"container\">\n\t\t\t\t<div class=\"elementor-element elementor-element-a5509de elementor-view-default elementor-widget elementor-widget-icon\" data-id=\"a5509de\" data-element_type=\"widget\" data-e-type=\"widget\" data-widget_type=\"icon.default\">\n\t\t\t\t<div class=\"elementor-widget-container\">\n\t\t\t\t\t\t\t<div class=\"elementor-icon-wrapper\">\n\t\t\t<div class=\"elementor-icon\">\n\t\t\t<i aria-hidden=\"true\" class=\"bi bi-envelope\"><\/i>\t\t\t<\/div>\n\t\t<\/div>\n\t\t\t\t\t\t<\/div>\n\t\t\t\t<\/div>\n\t\t\t\t<div class=\"elementor-element elementor-element-48cbfaa elementor-widget elementor-widget-crafto-heading\" data-id=\"48cbfaa\" data-element_type=\"widget\" data-e-type=\"widget\" data-widget_type=\"crafto-heading.default\">\n\t\t\t\t<div class=\"elementor-widget-container\">\n\t\t\t\t\t<div class=\"crafto-heading\"><span class=\"crafto-primary-title\"><a href=\"mailto:luis.domingos@tradesolutions.pt\">luis.domingos@tradesolutions.pt<\/a><\/span><\/div>\t\t\t\t<\/div>\n\t\t\t\t<\/div>\n\t\t\t\t<\/div>\n\t\t<div class=\" elementor-element elementor-element-b92539d e-con-full e-flex section-light e-con e-child\" data-id=\"b92539d\" data-element_type=\"container\" data-e-type=\"container\">\n\t\t\t\t<div class=\"elementor-element elementor-element-cbf3f27 elementor-view-default elementor-widget elementor-widget-icon\" data-id=\"cbf3f27\" data-element_type=\"widget\" data-e-type=\"widget\" data-widget_type=\"icon.default\">\n\t\t\t\t<div class=\"elementor-widget-container\">\n\t\t\t\t\t\t\t<div class=\"elementor-icon-wrapper\">\n\t\t\t<div class=\"elementor-icon\">\n\t\t\t<i aria-hidden=\"true\" class=\"bi bi-envelope\"><\/i>\t\t\t<\/div>\n\t\t<\/div>\n\t\t\t\t\t\t<\/div>\n\t\t\t\t<\/div>\n\t\t\t\t<div class=\"elementor-element elementor-element-38e1dca elementor-widget elementor-widget-crafto-heading\" data-id=\"38e1dca\" data-element_type=\"widget\" data-e-type=\"widget\" data-widget_type=\"crafto-heading.default\">\n\t\t\t\t<div class=\"elementor-widget-container\">\n\t\t\t\t\t<div class=\"crafto-heading\"><span class=\"crafto-primary-title\"><a href=\"mailto:geral@tradesolutions.pt\">geral@tradesolutions.pt<\/a><\/span><\/div>\t\t\t\t<\/div>\n\t\t\t\t<\/div>\n\t\t\t\t<\/div>\n\t\t\t\t<\/div>\n\t\t\t\t<\/div>\n\t\t\t\t<\/div>\n\t\t\t\t\t<\/div>\n\t\t\t\t<\/div>\n\t\t<div class=\" elementor-element elementor-element-90423e0 e-flex e-con-boxed section-light e-con e-parent\" data-id=\"90423e0\" data-element_type=\"container\" data-e-type=\"container\" data-settings=\"{&quot;background_background&quot;:&quot;classic&quot;}\">\n\t\t\t\t\t<div class=\"e-con-inner\">\n\t\t<div class=\"entrance-animation  elementor-element elementor-element-facc561 e-con-full e-flex section-light e-con e-child\" data-anime=\"{&quot;duration&quot;:1200,&quot;staggervalue&quot;:150,&quot;easing&quot;:&quot;easeOutQuad&quot;,&quot;targets&quot;:&quot;.elementor-element-facc561.entrance-animation&gt; .e-child,.elementor-element-facc561.entrance-animation&gt; .e-con-inner &gt; .e-con-full.e-child,.elementor-element-facc561.entrance-animation&gt; .elementor-widget,.elementor-element-facc561.entrance-animation&gt; .e-con-inner &gt; .elementor-widget&quot;,&quot;opacity&quot;:[0,1],&quot;translateX&quot;:[50,0]}\" data-id=\"facc561\" data-element_type=\"container\" data-e-type=\"container\">\n\t\t\t\t<div class=\"elementor-element elementor-element-7378cc7 elementor-widget elementor-widget-crafto-heading\" data-id=\"7378cc7\" data-element_type=\"widget\" data-e-type=\"widget\" data-widget_type=\"crafto-heading.default\">\n\t\t\t\t<div class=\"elementor-widget-container\">\n\t\t\t\t\t<h3 class=\"crafto-heading\"><span class=\"crafto-primary-title\">Fale Connosco!<\/span><\/h3>\t\t\t\t<\/div>\n\t\t\t\t<\/div>\n\t\t\t\t<div class=\"elementor-element elementor-element-b4144a3 elementor-widget elementor-widget-crafto-contact-form\" data-id=\"b4144a3\" data-element_type=\"widget\" data-e-type=\"widget\" data-widget_type=\"crafto-contact-form.default\">\n\t\t\t\t<div class=\"elementor-widget-container\">\n\t\t\t\t\t\t\t\t<div class=\"contact-form-wrapper\">\n\t\t\t\t\n<div class=\"wpcf7 no-js\" id=\"wpcf7-f1194-o1\" lang=\"en-US\" dir=\"ltr\" data-wpcf7-id=\"1194\">\n<div class=\"screen-reader-response\"><p role=\"status\" aria-live=\"polite\" aria-atomic=\"true\"><\/p> <ul><\/ul><\/div>\n<form action=\"\/en\/wp-json\/wp\/v2\/pages\/1042#wpcf7-f1194-o1\" method=\"post\" class=\"wpcf7-form init\" aria-label=\"Contact form\" novalidate=\"novalidate\" data-status=\"init\">\n<fieldset class=\"hidden-fields-container\"><input type=\"hidden\" name=\"_wpcf7\" value=\"1194\" \/><input type=\"hidden\" name=\"_wpcf7_version\" value=\"6.1.5\" \/><input type=\"hidden\" name=\"_wpcf7_locale\" value=\"en_US\" \/><input type=\"hidden\" name=\"_wpcf7_unit_tag\" value=\"wpcf7-f1194-o1\" \/><input type=\"hidden\" name=\"_wpcf7_container_post\" value=\"0\" \/><input type=\"hidden\" name=\"_wpcf7_posted_data_hash\" value=\"\" \/><input type=\"hidden\" name=\"_wpcf7_recaptcha_response\" value=\"\" \/>\n<\/fieldset>\n<div class=\"uacf7-form-wrapper-container uacf7-form-1194  \"><div class=\"crafto-form-style-5\">\n  <div class=\"row\">\n\n    <div class=\"col-12\">\n      <label>Nome*<\/label>\n      <div class=\"input-wrapper\">\n        \n        <label class=\"screen-reader-text\" for=\"your-name\">Nome<\/label>\n        <span class=\"wpcf7-form-control-wrap\" data-name=\"your-name\"><input size=\"40\" maxlength=\"400\" class=\"wpcf7-form-control wpcf7-text wpcf7-validates-as-required\" id=\"your-name\" aria-required=\"true\" aria-invalid=\"false\" value=\"\" type=\"text\" name=\"your-name\" \/><\/span>\n      <\/div>\n    <\/div>\n\n    <div class=\"col-12\">\n      <label>Email*<\/label>\n      <div class=\"input-wrapper\">\n        \n        <label class=\"screen-reader-text\" for=\"your-email-address\">Email<\/label>\n        <span class=\"wpcf7-form-control-wrap\" data-name=\"your-email-address\"><input size=\"40\" maxlength=\"400\" class=\"wpcf7-form-control wpcf7-email wpcf7-validates-as-required wpcf7-text wpcf7-validates-as-email\" id=\"your-email-address\" aria-required=\"true\" aria-invalid=\"false\" value=\"\" type=\"email\" name=\"your-email-address\" \/><\/span>\n      <\/div>\n    <\/div>\n\n    <div class=\"col-12\">\n      <label>Mensagem<\/label>\n      <div class=\"input-wrapper textarea-wrapper\">\n        \n        <label class=\"screen-reader-text\" for=\"your-message\">Mensagem<\/label>\n        <span class=\"wpcf7-form-control-wrap\" data-name=\"your-message\"><textarea cols=\"40\" rows=\"10\" maxlength=\"2000\" class=\"wpcf7-form-control wpcf7-textarea\" id=\"your-message\" aria-invalid=\"false\" name=\"your-message\"><\/textarea><\/span>\n      <\/div>\n    <\/div>\n\n   <div class=\"col-12\">\n  <p class=\"contact-form-text\">\n    <span class=\"wpcf7-form-control-wrap\" data-name=\"acceptance-579\"><span class=\"wpcf7-form-control wpcf7-acceptance\"><span class=\"wpcf7-list-item\"><label><input type=\"checkbox\" name=\"acceptance-579\" value=\"1\" aria-invalid=\"false\" \/><span class=\"wpcf7-list-item-label\">Li e aceito a <a href=\"\/politica-de-privacidade\" target=\"_blank\">Pol\u00edtica de Privacidade<\/a>, autorizando o tratamento dos meus dados para resposta ao presente contacto.<\/span><\/label><\/span><\/span><\/span>\n  <\/p>\n<\/div>\n\n\n<br><br><br>\n\n\n   <div class=\"col-12 text-start crafto-button-wrapper contact-simple\">\n  <div class=\"contact-wpcf7-spinner\">\n    <input class=\"wpcf7-form-control wpcf7-submit has-spinner elementor-button elementor-size-md elementor-animation-float-2px\" type=\"submit\" value=\"Enviar\" \/>\n  <\/div>\n<\/div>\n\n  <\/div>\n<\/div><\/div><div class=\"wpcf7-response-output\" aria-hidden=\"true\"><\/div>\n<\/form>\n<\/div>\n\t\t\t<\/div>\n\t\t\t\t\t\t\t<\/div>\n\t\t\t\t<\/div>\n\t\t\t\t<\/div>\n\t\t<div class=\" elementor-element elementor-element-e659697 e-con-full elementor-hidden-mobile_extra elementor-hidden-mobile e-flex section-light e-con e-child\" data-id=\"e659697\" data-element_type=\"container\" data-e-type=\"container\" data-settings=\"{&quot;position&quot;:&quot;absolute&quot;}\">\n\t\t<div class=\" elementor-element elementor-element-497f7da e-con-full e-flex section-light e-con e-child\" data-id=\"497f7da\" data-element_type=\"container\" data-e-type=\"container\" data-settings=\"{&quot;shape_divider_top&quot;:&quot;crafto-custom-shape-1&quot;}\">\n\t\t\t\t<div class=\"elementor-shape elementor-shape-top\" aria-hidden=\"true\" data-negative=\"false\">\n\t\t\t<svg class=\"lqd-custom-shape\" xmlns=\"http:\/\/www.w3.org\/2000\/svg\" viewBox=\"0 180 2500 200\" preserveAspectRatio=\"none\">\n<path class=\"elementor-shape-fill\" d=\"M 0 250 C 1200 400 1200 50 3000 250 L 3000 550 L 0 550 L 0 250\">\n<animate attributeName=\"d\" dur=\"5s\" values=\"M 0 250 C 1200 400 1200 50 3000 250 L 3000 550 L 0 550 L 0 250;\n                            M 0 250 C 400 50 400 400 3000 250 L 3000 550 L 0 550 L 0 250;\n                            M 0 250 C 1200 400 1200 50 3000 250 L 3000 550 L 0 550 L 0 250\" repeatCount=\"indefinite\"><\/animate>\n<\/path>\n<\/svg>\t\t<\/div>\n\t\t\t\t<\/div>\n\t\t\t\t<\/div>\n\t\t\t\t\t<\/div>\n\t\t\t\t<\/div>\n\t\t\t\t<\/div>\n\t\t","protected":false},"excerpt":{"rendered":"<p>Vamos trabalhar juntos Contactos Estamos aqui para si.Preencha o formul\u00e1rio abaixo ou utilize um dos nossos meios de contacto \u2014 responderemos com a maior brevidade poss\u00edvel. A sua opini\u00e3o \u00e9 importante para n\u00f3s e teremos todo o gosto em ajudar.\u00a0 Telem\u00f3vel (+351) 919 784 689 (chamada para a rede m\u00f3vel nacional) Email luis.domingos@tradesolutions.pt geral@tradesolutions.pt Fale [&hellip;]<\/p>\n","protected":false},"author":1,"featured_media":0,"parent":0,"menu_order":0,"comment_status":"closed","ping_status":"closed","template":"","meta":{"footnotes":""},"class_list":["post-1042","page","type-page","status-publish","hentry"],"yoast_head":"<!-- This site is optimized with the Yoast SEO plugin v27.4 - https:\/\/yoast.com\/product\/yoast-seo-wordpress\/ -->\n<title>Contactos - Trade Solutions<\/title>\n<meta name=\"description\" content=\"A Trade Solutions \u00e9 uma empresa de outsourcing que tem como principal objetivo, a presta\u00e7\u00e3o de servi\u00e7os hoteleiros e similares de hotelaria e de consultoria nas \u00e1reas tur\u00edsticas, hoteleiras e de lazer. Promete ser o seu parceiro estrat\u00e9gico para um desenvolvimento sustentado.\" \/>\n<meta name=\"robots\" content=\"index, follow, max-snippet:-1, max-image-preview:large, max-video-preview:-1\" \/>\n<link rel=\"canonical\" href=\"https:\/\/tradesolutions.pt\/en\/contactos\/\" \/>\n<meta property=\"og:locale\" content=\"en_GB\" \/>\n<meta property=\"og:type\" content=\"article\" \/>\n<meta property=\"og:title\" content=\"Contactos - Trade Solutions\" \/>\n<meta property=\"og:description\" content=\"A Trade Solutions \u00e9 uma empresa de outsourcing que tem como principal objetivo, a presta\u00e7\u00e3o de servi\u00e7os hoteleiros e similares de hotelaria e de consultoria nas \u00e1reas tur\u00edsticas, hoteleiras e de lazer. Promete ser o seu parceiro estrat\u00e9gico para um desenvolvimento sustentado.\" \/>\n<meta property=\"og:url\" content=\"https:\/\/tradesolutions.pt\/en\/contactos\/\" \/>\n<meta property=\"og:site_name\" content=\"Trade Solutions\" \/>\n<meta property=\"article:modified_time\" content=\"2026-04-10T11:45:58+00:00\" \/>\n<meta property=\"og:image\" content=\"https:\/\/tradesolutions.pt\/wp-content\/uploads\/2024\/04\/TradeSolutions_BlueLogo.png\" \/>\n\t<meta property=\"og:image:width\" content=\"583\" \/>\n\t<meta property=\"og:image:height\" content=\"169\" \/>\n\t<meta property=\"og:image:type\" content=\"image\/png\" \/>\n<meta name=\"twitter:card\" content=\"summary_large_image\" \/>\n<meta name=\"twitter:label1\" content=\"Estimated reading time\" \/>\n\t<meta name=\"twitter:data1\" content=\"1 minute\" \/>\n<script type=\"application\/ld+json\" class=\"yoast-schema-graph\">{\"@context\":\"https:\\\/\\\/schema.org\",\"@graph\":[{\"@type\":\"WebPage\",\"@id\":\"https:\\\/\\\/tradesolutions.pt\\\/contactos\\\/\",\"url\":\"https:\\\/\\\/tradesolutions.pt\\\/contactos\\\/\",\"name\":\"Contactos - Trade Solutions\",\"isPartOf\":{\"@id\":\"https:\\\/\\\/tradesolutions.pt\\\/#website\"},\"datePublished\":\"2024-04-04T06:02:03+00:00\",\"dateModified\":\"2026-04-10T11:45:58+00:00\",\"description\":\"A Trade Solutions \u00e9 uma empresa de outsourcing que tem como principal objetivo, a presta\u00e7\u00e3o de servi\u00e7os hoteleiros e similares de hotelaria e de consultoria nas \u00e1reas tur\u00edsticas, hoteleiras e de lazer. Promete ser o seu parceiro estrat\u00e9gico para um desenvolvimento sustentado.\",\"breadcrumb\":{\"@id\":\"https:\\\/\\\/tradesolutions.pt\\\/contactos\\\/#breadcrumb\"},\"inLanguage\":\"en-GB\",\"potentialAction\":[{\"@type\":\"ReadAction\",\"target\":[\"https:\\\/\\\/tradesolutions.pt\\\/contactos\\\/\"]}]},{\"@type\":\"BreadcrumbList\",\"@id\":\"https:\\\/\\\/tradesolutions.pt\\\/contactos\\\/#breadcrumb\",\"itemListElement\":[{\"@type\":\"ListItem\",\"position\":1,\"name\":\"In\u00edcio\",\"item\":\"https:\\\/\\\/tradesolutions.pt\\\/\"},{\"@type\":\"ListItem\",\"position\":2,\"name\":\"Contactos\"}]},{\"@type\":\"WebSite\",\"@id\":\"https:\\\/\\\/tradesolutions.pt\\\/#website\",\"url\":\"https:\\\/\\\/tradesolutions.pt\\\/\",\"name\":\"Trade Solutions\",\"description\":\"Hotel Consulting\",\"publisher\":{\"@id\":\"https:\\\/\\\/tradesolutions.pt\\\/#organization\"},\"potentialAction\":[{\"@type\":\"SearchAction\",\"target\":{\"@type\":\"EntryPoint\",\"urlTemplate\":\"https:\\\/\\\/tradesolutions.pt\\\/?s={search_term_string}\"},\"query-input\":{\"@type\":\"PropertyValueSpecification\",\"valueRequired\":true,\"valueName\":\"search_term_string\"}}],\"inLanguage\":\"en-GB\"},{\"@type\":\"Organization\",\"@id\":\"https:\\\/\\\/tradesolutions.pt\\\/#organization\",\"name\":\"Trade Solutions\",\"url\":\"https:\\\/\\\/tradesolutions.pt\\\/\",\"logo\":{\"@type\":\"ImageObject\",\"inLanguage\":\"en-GB\",\"@id\":\"https:\\\/\\\/tradesolutions.pt\\\/#\\\/schema\\\/logo\\\/image\\\/\",\"url\":\"https:\\\/\\\/tradesolutions.pt\\\/wp-content\\\/uploads\\\/2024\\\/04\\\/TradeSolutions_BlueLogo.png\",\"contentUrl\":\"https:\\\/\\\/tradesolutions.pt\\\/wp-content\\\/uploads\\\/2024\\\/04\\\/TradeSolutions_BlueLogo.png\",\"width\":583,\"height\":169,\"caption\":\"Trade Solutions\"},\"image\":{\"@id\":\"https:\\\/\\\/tradesolutions.pt\\\/#\\\/schema\\\/logo\\\/image\\\/\"}}]}<\/script>\n<!-- \/ Yoast SEO plugin. -->","yoast_head_json":{"title":"Contactos - Trade Solutions","description":"Trade Solutions is an outsourcing company whose main objective is to provide hotel and similar hospitality services and consultancy in the areas of tourism, hotels and leisure. We promise to be your strategic partner for sustained development.","robots":{"index":"index","follow":"follow","max-snippet":"max-snippet:-1","max-image-preview":"max-image-preview:large","max-video-preview":"max-video-preview:-1"},"canonical":"https:\/\/tradesolutions.pt\/en\/contactos\/","og_locale":"en_GB","og_type":"article","og_title":"Contactos - Trade Solutions","og_description":"A Trade Solutions \u00e9 uma empresa de outsourcing que tem como principal objetivo, a presta\u00e7\u00e3o de servi\u00e7os hoteleiros e similares de hotelaria e de consultoria nas \u00e1reas tur\u00edsticas, hoteleiras e de lazer. Promete ser o seu parceiro estrat\u00e9gico para um desenvolvimento sustentado.","og_url":"https:\/\/tradesolutions.pt\/en\/contactos\/","og_site_name":"Trade Solutions","article_modified_time":"2026-04-10T11:45:58+00:00","og_image":[{"width":583,"height":169,"url":"https:\/\/tradesolutions.pt\/wp-content\/uploads\/2024\/04\/TradeSolutions_BlueLogo.png","type":"image\/png"}],"twitter_card":"summary_large_image","twitter_misc":{"Estimated reading time":"1 minute"},"schema":{"@context":"https:\/\/schema.org","@graph":[{"@type":"WebPage","@id":"https:\/\/tradesolutions.pt\/contactos\/","url":"https:\/\/tradesolutions.pt\/contactos\/","name":"Contactos - Trade Solutions","isPartOf":{"@id":"https:\/\/tradesolutions.pt\/#website"},"datePublished":"2024-04-04T06:02:03+00:00","dateModified":"2026-04-10T11:45:58+00:00","description":"Trade Solutions is an outsourcing company whose main objective is to provide hotel and similar hospitality services and consultancy in the areas of tourism, hotels and leisure. We promise to be your strategic partner for sustained development.","breadcrumb":{"@id":"https:\/\/tradesolutions.pt\/contactos\/#breadcrumb"},"inLanguage":"en-GB","potentialAction":[{"@type":"ReadAction","target":["https:\/\/tradesolutions.pt\/contactos\/"]}]},{"@type":"BreadcrumbList","@id":"https:\/\/tradesolutions.pt\/contactos\/#breadcrumb","itemListElement":[{"@type":"ListItem","position":1,"name":"In\u00edcio","item":"https:\/\/tradesolutions.pt\/"},{"@type":"ListItem","position":2,"name":"Contactos"}]},{"@type":"WebSite","@id":"https:\/\/tradesolutions.pt\/#website","url":"https:\/\/tradesolutions.pt\/","name":"Trade Solutions","description":"Hotel Consulting","publisher":{"@id":"https:\/\/tradesolutions.pt\/#organization"},"potentialAction":[{"@type":"SearchAction","target":{"@type":"EntryPoint","urlTemplate":"https:\/\/tradesolutions.pt\/?s={search_term_string}"},"query-input":{"@type":"PropertyValueSpecification","valueRequired":true,"valueName":"search_term_string"}}],"inLanguage":"en-GB"},{"@type":"Organization","@id":"https:\/\/tradesolutions.pt\/#organization","name":"Trade Solutions","url":"https:\/\/tradesolutions.pt\/","logo":{"@type":"ImageObject","inLanguage":"en-GB","@id":"https:\/\/tradesolutions.pt\/#\/schema\/logo\/image\/","url":"https:\/\/tradesolutions.pt\/wp-content\/uploads\/2024\/04\/TradeSolutions_BlueLogo.png","contentUrl":"https:\/\/tradesolutions.pt\/wp-content\/uploads\/2024\/04\/TradeSolutions_BlueLogo.png","width":583,"height":169,"caption":"Trade Solutions"},"image":{"@id":"https:\/\/tradesolutions.pt\/#\/schema\/logo\/image\/"}}]}},"_links":{"self":[{"href":"https:\/\/tradesolutions.pt\/en\/wp-json\/wp\/v2\/pages\/1042","targetHints":{"allow":["GET"]}}],"collection":[{"href":"https:\/\/tradesolutions.pt\/en\/wp-json\/wp\/v2\/pages"}],"about":[{"href":"https:\/\/tradesolutions.pt\/en\/wp-json\/wp\/v2\/types\/page"}],"author":[{"embeddable":true,"href":"https:\/\/tradesolutions.pt\/en\/wp-json\/wp\/v2\/users\/1"}],"replies":[{"embeddable":true,"href":"https:\/\/tradesolutions.pt\/en\/wp-json\/wp\/v2\/comments?post=1042"}],"version-history":[{"count":22,"href":"https:\/\/tradesolutions.pt\/en\/wp-json\/wp\/v2\/pages\/1042\/revisions"}],"predecessor-version":[{"id":5509,"href":"https:\/\/tradesolutions.pt\/en\/wp-json\/wp\/v2\/pages\/1042\/revisions\/5509"}],"wp:attachment":[{"href":"https:\/\/tradesolutions.pt\/en\/wp-json\/wp\/v2\/media?parent=1042"}],"curies":[{"name":"wp","href":"https:\/\/api.w.org\/{rel}","templated":true}]}}